{"id":1457,"date":"2024-01-27T11:28:11","date_gmt":"2024-01-27T11:28:11","guid":{"rendered":"https:\/\/transportesdlopez.com\/politica-de-privacidade\/"},"modified":"2025-04-11T14:27:13","modified_gmt":"2025-04-11T14:27:13","slug":"politica-de-privacidade","status":"publish","type":"page","link":"https:\/\/transportesdlopez.com\/gl\/politica-de-privacidade\/","title":{"rendered":"Pol\u00edtica de privacidade"},"content":{"rendered":"\t\t<div data-elementor-type=\"wp-page\" data-elementor-id=\"1457\" class=\"elementor elementor-1457 elementor-750\">\n\t\t\t\t\t\t<section class=\"elementor-section elementor-top-section elementor-element elementor-element-2e9e567 elementor-section-boxed elementor-section-height-default elementor-section-height-default\" data-id=\"2e9e567\" data-element_type=\"section\">\n\t\t\t\t\t\t<div class=\"elementor-container elementor-column-gap-default\">\n\t\t\t\t\t<div class=\"elementor-column elementor-col-100 elementor-top-column elementor-element elementor-element-e794eb8\" data-id=\"e794eb8\" data-element_type=\"column\">\n\t\t\t<div class=\"elementor-widget-wrap elementor-element-populated\">\n\t\t\t\t\t\t<div class=\"elementor-element elementor-element-c94ee76 elementor-widget elementor-widget-text-editor\" data-id=\"c94ee76\" data-element_type=\"widget\" data-widget_type=\"text-editor.default\">\n\t\t\t\t<div class=\"elementor-widget-container\">\n\t\t\t\t\t\t\t\t\t<h3 class=\"\" data-start=\"278\" data-end=\"329\">1. Informaci\u00f3n b\u00e1sica sobre protecci\u00f3n de datos<\/h3>\n<p class=\"\" data-start=\"331\" data-end=\"495\"><strong data-start=\"331\" data-end=\"363\">Controlador de datos:<\/strong><br data-start=\"363\" data-end=\"366\"> Transportes D. L\u00f3pez, SL<br data-start=\"392\" data-end=\"395\"> R\u00faa da Liberdade, 72 \u2013 1\u00ba, 27600 Sarria (Lugo)<br data-start=\"441\" data-end=\"444\"> Tel\u00e9fono: 982 530 759<br data-start=\"465\" data-end=\"468\"> Correo electr\u00f3nico: <a class=\"\" href=\"mailto:td.lopez@hotmail.com\" rel=\"noopener\" data-start=\"475\" data-end=\"495\">td.lopez@hotmail.com<\/a><\/p>\n<p class=\"\" data-start=\"497\" data-end=\"718\"><strong data-start=\"497\" data-end=\"527\">Finalidade do tratamento:<\/strong><br data-start=\"527\" data-end=\"530\"> Xestionar solicitudes de informaci\u00f3n, presupostos ou informaci\u00f3n de contacto recibidas a trav\u00e9s do sitio web.<br data-start=\"625\" data-end=\"628\"> Enviar comunicaci\u00f3ns relacionadas cos nosos servizos (se as\u00ed o autoriza o usuario).<\/p>\n<p class=\"\" data-start=\"720\" data-end=\"809\"><strong data-start=\"720\" data-end=\"737\">Lexitimaci\u00f3n:<\/strong><br data-start=\"737\" data-end=\"740\"> Consentimento do interesado cubrindo o formulario de contacto.<\/p>\n<p class=\"\" data-start=\"811\" data-end=\"887\"><strong data-start=\"811\" data-end=\"829\">Destinatarios:<\/strong><br data-start=\"829\" data-end=\"832\"> Os datos non ser\u00e1n cedidos a terceiros, salvo obriga legal.<\/p>\n<p class=\"\" data-start=\"889\" data-end=\"1020\"><strong data-start=\"889\" data-end=\"902\">Dereitos:<\/strong><br data-start=\"902\" data-end=\"905\"> Ten dereito a acceder, rectificar e eliminar os seus datos, as\u00ed como outros dereitos, tal e como se explica a continuaci\u00f3n.<\/p>\n<hr class=\"\" data-start=\"1022\" data-end=\"1025\">\n<h3 class=\"\" data-start=\"1027\" data-end=\"1081\">2. Informaci\u00f3n adicional sobre protecci\u00f3n de datos<\/h3>\n<p class=\"\" data-start=\"1083\" data-end=\"1315\"><strong data-start=\"1083\" data-end=\"1136\">Con que finalidade tratamos os teus datos persoais?<\/strong><br data-start=\"1136\" data-end=\"1139\">En Transportes D. L\u00f3pez tratamos a informaci\u00f3n que nos facilitas para responder \u00e1 t\u00faa solicitude, manter comunicaci\u00f3ns comerciais ou xestionar os servizos contratados.<\/p>\n<p class=\"\" data-start=\"1317\" data-end=\"1504\"><strong data-start=\"1317\" data-end=\"1364\">Canto tempo conservaremos os teus datos?<\/strong><br data-start=\"1364\" data-end=\"1367\">Os datos conservaranse mentres exista unha relaci\u00f3n comercial e o tempo que sexa necesario para cumprir coas obrigas legais.<\/p>\n<p class=\"\" data-start=\"1506\" data-end=\"1717\"><strong data-start=\"1506\" data-end=\"1568\">Cal \u00e9 a lexitimidade para tratar os teus datos?<\/strong><br data-start=\"1568\" data-end=\"1571\">A base legal para o tratamento \u00e9 o consentimento do interesado, que se proporciona marcando a casilla correspondente no formulario de contacto.<\/p>\n<p class=\"\" data-start=\"1719\" data-end=\"1862\"><strong data-start=\"1719\" data-end=\"1769\">A que destinatarios se lles comunicar\u00e1n os seus datos?<\/strong><br data-start=\"1769\" data-end=\"1772\">Os seus datos non ser\u00e1n compartidos con terceiros, salvo nos casos en que exista unha obriga legal de facelo.<\/p>\n<p class=\"\" data-start=\"1864\" data-end=\"2254\"><strong data-start=\"1864\" data-end=\"1924\">Cales son os teus dereitos cando nos facilitas os teus datos?<\/strong><br data-start=\"1924\" data-end=\"1927\"> Podes exercer os teus dereitos de acceso, rectificaci\u00f3n, supresi\u00f3n, oposici\u00f3n, limitaci\u00f3n e portabilidade enviando un correo electr\u00f3nico a: <strong data-start=\"2063\" data-end=\"2087\"><a class=\"\" href=\"mailto:td.lopez@hotmail.com\" rel=\"noopener\" data-start=\"2065\" data-end=\"2085\">td.lopez@hotmail.com<\/a><\/strong><br data-start=\"2087\" data-end=\"2090\">Tam\u00e9n ten dereito a presentar unha reclamaci\u00f3n ante a Axencia Espa\u00f1ola de Protecci\u00f3n de Datos ( <a class=\"\" href=\"http:\/\/www.aepd.es\" target=\"_new\" rel=\"noopener\" data-start=\"2190\" data-end=\"2201\">www.aepd.es<\/a> ) se considera que se vulneraron os seus dereitos.<\/p>\n<hr class=\"\" data-start=\"2256\" data-end=\"2259\">\n<h3 class=\"\" data-start=\"2261\" data-end=\"2287\">3. Pol\u00edtica de cookies<\/h3>\n<p class=\"\" data-start=\"2289\" data-end=\"2470\">O sitio web pode utilizar cookies propias e de terceiros para mellorar a experiencia do usuario e obter estat\u00edsticas de uso. Pode aceptar ou rexeitar o seu uso configurando o seu navegador. <\/p>a\t\t\t\t\t\t\t\t<\/div>\n\t\t\t\t<\/div>\n\t\t\t\t\t<\/div>\n\t\t<\/div>\n\t\t\t\t\t<\/div>\n\t\t<\/section>\n\t\t\t\t<\/div>\n\t\t","protected":false},"excerpt":{"rendered":"<p>1. Informaci\u00f3n b\u00e1sica sobre protecci\u00f3n de datos Controlador de datos: Transportes D. L\u00f3pez, SL R\u00faa da Liberdade, 72 \u2013 1\u00ba, 27600 Sarria (Lugo) Tel\u00e9fono: 982 530 759 Correo electr\u00f3nico: td.lopez@hotmail.com Finalidade do tratamento: Xestionar solicitudes de informaci\u00f3n, presupostos ou informaci\u00f3n de contacto recibidas a trav\u00e9s do sitio web. Enviar comunicaci\u00f3ns relacionadas cos nosos servizos (se&#8230;<\/p>\n","protected":false},"author":1,"featured_media":1396,"parent":0,"menu_order":0,"comment_status":"closed","ping_status":"closed","template":"","meta":{"_kad_post_transparent":"","_kad_post_title":"","_kad_post_layout":"","_kad_post_sidebar_id":"","_kad_post_content_style":"","_kad_post_vertical_padding":"","_kad_post_feature":"","_kad_post_feature_position":"","_kad_post_header":false,"_kad_post_footer":false,"footnotes":""},"class_list":["post-1457","page","type-page","status-publish","has-post-thumbnail","hentry"],"_links":{"self":[{"href":"https:\/\/transportesdlopez.com\/gl\/wp-json\/wp\/v2\/pages\/1457","targetHints":{"allow":["GET"]}}],"collection":[{"href":"https:\/\/transportesdlopez.com\/gl\/wp-json\/wp\/v2\/pages"}],"about":[{"href":"https:\/\/transportesdlopez.com\/gl\/wp-json\/wp\/v2\/types\/page"}],"author":[{"embeddable":true,"href":"https:\/\/transportesdlopez.com\/gl\/wp-json\/wp\/v2\/users\/1"}],"replies":[{"embeddable":true,"href":"https:\/\/transportesdlopez.com\/gl\/wp-json\/wp\/v2\/comments?post=1457"}],"version-history":[{"count":1,"href":"https:\/\/transportesdlopez.com\/gl\/wp-json\/wp\/v2\/pages\/1457\/revisions"}],"predecessor-version":[{"id":1458,"href":"https:\/\/transportesdlopez.com\/gl\/wp-json\/wp\/v2\/pages\/1457\/revisions\/1458"}],"wp:featuredmedia":[{"embeddable":true,"href":"https:\/\/transportesdlopez.com\/gl\/wp-json\/wp\/v2\/media\/1396"}],"wp:attachment":[{"href":"https:\/\/transportesdlopez.com\/gl\/wp-json\/wp\/v2\/media?parent=1457"}],"curies":[{"name":"wp","href":"https:\/\/api.w.org\/{rel}","templated":true}]}}